{"id":33704,"date":"2023-05-11T12:26:53","date_gmt":"2023-05-11T10:26:53","guid":{"rendered":"https:\/\/freewayriders.de\/?page_id=33704"},"modified":"2024-05-19T11:49:04","modified_gmt":"2024-05-19T09:49:04","slug":"ueber_uns","status":"publish","type":"page","link":"https:\/\/freewayriders.de\/?page_id=33704","title":{"rendered":"\u00dcber Uns"},"content":{"rendered":"<div class=\"wpb-content-wrapper\"><p>[vc_row full_width=&#8220;stretch_row&#8220; full_height=&#8220;yes&#8220; content_placement=&#8220;middle&#8220; el_disable_tablet=&#8220;1&#8243; el_disable_mobile=&#8220;1&#8243; css=&#8220;.vc_custom_1683811174862{margin-top: 0px !important;margin-bottom: 0px !important;background: #f0f3f2 url(https:\/\/freewayriders.de\/wp-content\/uploads\/2023\/01\/af1559ff-5cee-4fba-8cf9-de131a1539f5-1.jpg?id=33027) !important;background-position: center !important;background-repeat: no-repeat !important;background-size: cover !important;}&#8220;][vc_column]<div class=\"clearboth\"><\/div><style>#thegem-divider-69e1ca22cb94d {margin-top: 650px !important;}<\/style><div id=\"thegem-divider-69e1ca22cb94d\" class=\"gem-divider  \" style=\"\" ><\/div>[\/vc_column][\/vc_row][vc_row full_width=&#8220;stretch_row&#8220; full_height=&#8220;yes&#8220; content_placement=&#8220;middle&#8220; el_disable_desktop=&#8220;1&#8243; css=&#8220;.vc_custom_1681808811765{margin-top: 0px !important;margin-right: 0px !important;margin-bottom: 0px !important;margin-left: 0px !important;background: #f0f3f2 url(https:\/\/freewayriders.de\/wp-content\/uploads\/2023\/04\/Beige-Clean-Motivational-Desktop-Wallpaper-1.png?id=33679) !important;background-position: center !important;background-repeat: no-repeat !important;background-size: cover !important;}&#8220;][vc_column]<div class=\"clearboth\"><\/div><style>#thegem-divider-69e1ca22cb995 {margin-top: 650px !important;}<\/style><div id=\"thegem-divider-69e1ca22cb995\" class=\"gem-divider  \" style=\"\" ><\/div>[\/vc_column][\/vc_row][vc_row full_width=&#8220;stretch_row&#8220; css=&#8220;.vc_custom_1683809216416{margin-bottom: 0px !important;background-color: #000000 !important;}&#8220; custom_css_code=&#8220;LnNlcGFyYXRvciU3QiUwQSUyMCUyMCUyMCUyMHdpZHRoJTNBJTIwMTMzcHglM0IlMEElMjAlMjAlMjAlMjBib3JkZXItd2lkdGglM0ElMjAycHglM0IlMEElMjAlMjAlMjAlMjBtYXJnaW4lM0ElMjAwJTIwYXV0byUzQiUwQSU3RA==&#8220;][vc_column disable_custom_paddings_mobile=&#8220;true&#8220; css=&#8220;.vc_custom_1590579742086{margin-bottom: 0px !important;padding-right: 100px !important;padding-left: 100px !important;}&#8220;]<div class=\"clearboth\"><\/div><style>#thegem-divider-69e1ca22cb9c7 {margin-top: 100px !important;}<\/style><div id=\"thegem-divider-69e1ca22cb9c7\" class=\"gem-divider  \" style=\"\" ><\/div>[vc_column_text css=&#8220;.vc_custom_1683811074514{border-top-width: 2px !important;border-right-width: 2px !important;border-bottom-width: 2px !important;border-left-width: 2px !important;border-left-color: #a29d0e !important;border-left-style: solid !important;border-right-color: #a29d0e !important;border-right-style: solid !important;border-top-color: #a29d0e !important;border-top-style: solid !important;border-bottom-color: #a29d0e !important;border-bottom-style: solid !important;border-radius: 2px !important;}&#8220;]<\/p>\n<div class=\"title-h1\" style=\"text-align: center;\"><span style=\"color: #eb1d23;\">Freeway Rider&#8217;s MC since 1974<\/span><\/div>\n<p>[\/vc_column_text]<div class=\"clearboth\"><\/div><style>#thegem-divider-69e1ca22cb9f3 {margin-top: 30px !important;}#thegem-divider-69e1ca22cb9f3 {margin-bottom: 32px !important;}<\/style><div id=\"thegem-divider-69e1ca22cb9f3\" class=\"gem-divider  separator\" style=\"border-color: #eb1d23;\" ><\/div>[vc_column_text css=&#8220;.vc_custom_1683810731027{margin-top: 5px !important;}&#8220;]<\/p>\n<div class=\"styled-subtitle\" style=\"text-align: center;\"><span style=\"color: #eb1d23;\">Der Freeway Rider\u00b4s MC ist einer der \u00e4ltesten und traditionsreichsten Motorradclubs in<\/span><br \/>\n<span style=\"color: #eb1d23;\">Deutschland.<\/span><\/div>\n<p>[\/vc_column_text]<div class=\"clearboth\"><\/div><style>#thegem-divider-69e1ca22cba22 {margin-top: 83px !important;}<\/style><div id=\"thegem-divider-69e1ca22cba22\" class=\"gem-divider  \" style=\"\" ><\/div>[vc_single_image image=&#8220;33784&#8243; img_size=&#8220;full&#8220; alignment=&#8220;center&#8220; style=&#8220;vc_box_outline&#8220; border_color=&#8220;white&#8220;]<div class=\"clearboth\"><\/div><style>#thegem-divider-69e1ca22cba45 {margin-top: 80px !important;}<\/style><div id=\"thegem-divider-69e1ca22cba45\" class=\"gem-divider  \" style=\"\" ><\/div>[\/vc_column][\/vc_row][vc_row full_width=&#8220;stretch_row&#8220; css=&#8220;.vc_custom_1683809226759{margin-bottom: 0px !important;background-color: #000000 !important;}&#8220;][vc_column disable_custom_paddings_mobile=&#8220;true&#8220; css=&#8220;.vc_custom_1590580142736{margin-bottom: 0px !important;padding-top: 0px !important;}&#8220;][vc_column_text css=&#8220;.vc_custom_1683810742513{margin-top: 0px !important;margin-bottom: 40px !important;}&#8220;]<\/p>\n<div class=\"styled-subtitle\" style=\"text-align: center;\"><span style=\"color: #eb1d23;\">1974 in Hagen gegr\u00fcndet, hat er die glorreichen, aber auch harten Szenezeiten<\/span><br \/>\n<span style=\"color: #eb1d23;\">der Siebziger\/Achtziger mitgestaltet, wo sich unz\u00e4hlige MCs bildeten und genauso wieder<\/span><br \/>\n<span style=\"color: #eb1d23;\">verschwanden. Clubs wurden er\u00f6ffnet und schnell wieder aufgel\u00f6st oder von selbst<\/span><br \/>\n<span style=\"color: #eb1d23;\">geschlossen. Auch an vielen Orten entstanden Chapter unseres im Ruhrpott beheimateten<\/span><br \/>\n<span style=\"color: #eb1d23;\">Clubs, letztlich ein halbes Dutzend ging hieraus standhaft hervor. Aus dieser Basis entstanden<\/span><br \/>\n<span style=\"color: #eb1d23;\">zur Jahrtausendwende bei der Expansion der Gro\u00dfclubs durch den Beitritt vieler kleiner MCs<\/span><br \/>\n<span style=\"color: #eb1d23;\">der FRMC, wie er heute besteht.<\/span><br \/>\n<span style=\"color: #eb1d23;\">Eigenst\u00e4ndige Chapter mit unterschiedlichem Charakter, versammelt in einem<\/span><br \/>\n<span style=\"color: #eb1d23;\">Gesamtverband, der \u00fcber NRW auch bis nach Franken, in den Osten und an die Nordseek\u00fcste<\/span><br \/>\n<span style=\"color: #eb1d23;\">reicht.<\/span><\/div>\n<p>[\/vc_column_text]<div class=\"clearboth\"><\/div><style>#thegem-divider-69e1ca22cba61 {margin-top: 110px !important;}<\/style><div id=\"thegem-divider-69e1ca22cba61\" class=\"gem-divider  \" style=\"\" ><\/div>[\/vc_column][\/vc_row][vc_row full_width=&#8220;stretch_row&#8220; equal_height=&#8220;yes&#8220; css=&#8220;.vc_custom_1683809474466{margin-top: -50px !important;margin-bottom: 0px !important;background-color: #000000 !important;}&#8220; custom_css_code=&#8220;Ym9keSUyMCU0MGlkJTIwLmdlbS1pY29uLmdlbS1pY29uLXNpemUtc21hbGwlMjAlN0IlMEElMjAlMjAlMjAlMjBib3JkZXItd2lkdGglM0ElMjAycHglM0IlMEElN0QlMEEuZ2VtLWljb24tc2l6ZS1zbWFsbCUyMCU3QiUwQSUyMCUyMCUyMCUyMGhlaWdodCUzQSUyMDQ4cHglM0IlMEElN0Q=&#8220;][vc_column offset=&#8220;vc_col-md-6&#8243;]<div class=\"clearboth\"><\/div><style>#thegem-divider-69e1ca22cba7c {margin-top: 50px !important;}<\/style><div id=\"thegem-divider-69e1ca22cba7c\" class=\"gem-divider  divider-hidden\" style=\"\" ><\/div>[vc_single_image image=&#8220;33570&#8243; img_size=&#8220;full&#8220; alignment=&#8220;center&#8220; style=&#8220;vc_box_shadow&#8220; css=&#8220;.vc_custom_1683902179231{background-image: url(id=563?id=) !important;background-position: center !important;background-repeat: no-repeat !important;background-size: cover !important;}&#8220;][\/vc_column][vc_column offset=&#8220;vc_col-md-6&#8243;]<div class=\"clearboth\"><\/div><style>#thegem-divider-69e1ca22cba95 {margin-top: 35px !important;}<\/style><div id=\"thegem-divider-69e1ca22cba95\" class=\"gem-divider  \" style=\"\" ><\/div>[vc_column_text css_animation=&#8220;bottom-to-top&#8220;]<\/p>\n<div class=\"title-h2\" style=\"text-align: center;\"><span style=\"color: #eb1d23;\">F\u00fcr Oldschool Rocker oder junge Wilde<\/span><\/div>\n<p>[\/vc_column_text][vc_column_text css=&#8220;.vc_custom_1683810764425{margin-top: 5px !important;}&#8220;]<\/p>\n<div class=\"styled-subtitle\" style=\"text-align: center;\"><span style=\"color: #eb1d23;\">vereint er die Ansichten Aller unter einem Colour. Zusammen behaupten sie sich, um ihre Lebensvorstellungen umzusetzen:<\/span><\/div>\n<p>[\/vc_column_text]<div class=\"clearboth\"><\/div><style>#thegem-divider-69e1ca22cbaad {margin-top: 60px !important;}<\/style><div id=\"thegem-divider-69e1ca22cbaad\" class=\"gem-divider  \" style=\"\" ><\/div><div class=\"gem-icon-with-text gem-icon-with-text-icon-size-small disable-mobile-centered\" ><div style=\"margin-bottom:0px;padding-right: 30px;margin-top:0px; \" class=\"gem-icon-with-text-icon\"><div class=\"gem-icon gem-icon-pack-material gem-icon-size-small  gem-icon-shape-circle \"  style=\"border-color: #eb1d23;opacity: 1;\"><div class=\"gem-icon-inner\" style=\"\"><span class=\"gem-icon-half-1\" style=\"color: #eb1d23;\"><span class=\"back-angle\">&#xf145;<\/span><\/span><span class=\"gem-icon-half-2\" style=\"color: #eb1d23;\"><span class=\"back-angle\">&#xf145;<\/span><\/span><\/div><\/div><\/div><div class=\"gem-icon-with-text-content\" ><div class=\"gem-icon-with-text-text\">[vc_column_text css=&#8220;.vc_custom_1683811055396{border-top-width: 2px !important;border-right-width: 2px !important;border-bottom-width: 2px !important;border-left-width: 2px !important;border-left-color: #a29d0e !important;border-left-style: solid !important;border-right-color: #a29d0e !important;border-right-style: solid !important;border-top-color: #a29d0e !important;border-top-style: solid !important;border-bottom-color: #a29d0e !important;border-bottom-style: solid !important;border-radius: 2px !important;}&#8220; css_animation=&#8220;bottom-to-top&#8220;]<\/p>\n<div class=\"title-h2\" style=\"text-align: center;\"><span style=\"color: #eb1d23;\">Kameradschaft<\/span><\/div>\n<p>[\/vc_column_text]<\/div><\/div><div class=\"clearboth\"><\/div><\/div><div class=\"clearboth\"><\/div><style>#thegem-divider-69e1ca22cbc18 {margin-top: 48px !important;}<\/style><div id=\"thegem-divider-69e1ca22cbc18\" class=\"gem-divider  \" style=\"\" ><\/div><div class=\"gem-icon-with-text gem-icon-with-text-icon-size-small disable-mobile-centered\" ><div style=\"margin-bottom:0px;padding-right: 30px;margin-top:0px; \" class=\"gem-icon-with-text-icon\"><div class=\"gem-icon gem-icon-pack-material gem-icon-size-small  gem-icon-shape-circle \"  style=\"border-color: #eb1d23;opacity: 1;\"><div class=\"gem-icon-inner\" style=\"\"><span class=\"gem-icon-half-1\" style=\"color: #eb1d23;\"><span class=\"back-angle\">&#xf145;<\/span><\/span><span class=\"gem-icon-half-2\" style=\"color: #eb1d23;\"><span class=\"back-angle\">&#xf145;<\/span><\/span><\/div><\/div><\/div><div class=\"gem-icon-with-text-content\" ><div class=\"gem-icon-with-text-text\">[vc_column_text css=&#8220;.vc_custom_1683811039454{border-top-width: 2px !important;border-right-width: 2px !important;border-bottom-width: 2px !important;border-left-width: 2px !important;border-left-color: #a29d0e !important;border-left-style: solid !important;border-right-color: #a29d0e !important;border-right-style: solid !important;border-top-color: #a29d0e !important;border-top-style: solid !important;border-bottom-color: #a29d0e !important;border-bottom-style: solid !important;border-radius: 2px !important;}&#8220; css_animation=&#8220;bottom-to-top&#8220;]<\/p>\n<div class=\"title-h2\" style=\"text-align: center;\"><span style=\"color: #eb1d23;\">Loyalit\u00e4t<\/span><\/div>\n<p>[\/vc_column_text]<\/div><\/div><div class=\"clearboth\"><\/div><\/div><div class=\"clearboth\"><\/div><style>#thegem-divider-69e1ca22cbd09 {margin-top: 48px !important;}<\/style><div id=\"thegem-divider-69e1ca22cbd09\" class=\"gem-divider  \" style=\"\" ><\/div><div class=\"gem-icon-with-text gem-icon-with-text-icon-size-small disable-mobile-centered\" ><div style=\"margin-bottom:0px;padding-right: 30px;margin-top:0px; \" class=\"gem-icon-with-text-icon\"><div class=\"gem-icon gem-icon-pack-material gem-icon-size-small  gem-icon-shape-circle \"  style=\"border-color: #eb1d23;opacity: 1;\"><div class=\"gem-icon-inner\" style=\"\"><span class=\"gem-icon-half-1\" style=\"color: #eb1d23;\"><span class=\"back-angle\">&#xf145;<\/span><\/span><span class=\"gem-icon-half-2\" style=\"color: #eb1d23;\"><span class=\"back-angle\">&#xf145;<\/span><\/span><\/div><\/div><\/div><div class=\"gem-icon-with-text-content\" ><div class=\"gem-icon-with-text-text\">[vc_column_text css=&#8220;.vc_custom_1683811023960{border-top-width: 2px !important;border-right-width: 2px !important;border-bottom-width: 2px !important;border-left-width: 2px !important;border-left-color: #a29d0e !important;border-left-style: solid !important;border-right-color: #a29d0e !important;border-right-style: solid !important;border-top-color: #a29d0e !important;border-top-style: solid !important;border-bottom-color: #a29d0e !important;border-bottom-style: solid !important;border-radius: 2px !important;}&#8220; css_animation=&#8220;bottom-to-top&#8220;]<\/p>\n<div class=\"title-h2\" style=\"text-align: center;\"><span style=\"color: #eb1d23;\">Worttreue<\/span><\/div>\n<p>[\/vc_column_text]<\/div><\/div><div class=\"clearboth\"><\/div><\/div><div class=\"clearboth\"><\/div><style>#thegem-divider-69e1ca22cbdd7 {margin-top: 48px !important;}<\/style><div id=\"thegem-divider-69e1ca22cbdd7\" class=\"gem-divider  \" style=\"\" ><\/div><div class=\"gem-icon-with-text gem-icon-with-text-icon-size-small disable-mobile-centered\" ><div style=\"margin-bottom:0px;padding-right: 30px;margin-top:0px; \" class=\"gem-icon-with-text-icon\"><div class=\"gem-icon gem-icon-pack-material gem-icon-size-small  gem-icon-shape-circle \"  style=\"border-color: #eb1d23;opacity: 1;\"><div class=\"gem-icon-inner\" style=\"\"><span class=\"gem-icon-half-1\" style=\"color: #eb1d23;\"><span class=\"back-angle\">&#xf145;<\/span><\/span><span class=\"gem-icon-half-2\" style=\"color: #eb1d23;\"><span class=\"back-angle\">&#xf145;<\/span><\/span><\/div><\/div><\/div><div class=\"gem-icon-with-text-content\" ><div class=\"gem-icon-with-text-text\">[vc_column_text css=&#8220;.vc_custom_1683811006271{border-top-width: 2px !important;border-right-width: 2px !important;border-bottom-width: 2px !important;border-left-width: 2px !important;border-left-color: #a29d0e !important;border-left-style: solid !important;border-right-color: #a29d0e !important;border-right-style: solid !important;border-top-color: #a29d0e !important;border-top-style: solid !important;border-bottom-color: #a29d0e !important;border-bottom-style: solid !important;border-radius: 2px !important;}&#8220; css_animation=&#8220;bottom-to-top&#8220;]<\/p>\n<div class=\"title-h2\" style=\"text-align: center;\"><span style=\"color: #eb1d23;\">Standhaftigkeit<\/span><\/div>\n<p>[\/vc_column_text]<\/div><\/div><div class=\"clearboth\"><\/div><\/div>[\/vc_column][\/vc_row][vc_row full_width=&#8220;stretch_row&#8220; css=&#8220;.vc_custom_1683809226759{margin-bottom: 0px !important;background-color: #000000 !important;}&#8220;][vc_column disable_custom_paddings_mobile=&#8220;true&#8220; css=&#8220;.vc_custom_1590580142736{margin-bottom: 0px !important;padding-top: 0px !important;}&#8220;][vc_column_text css=&#8220;.vc_custom_1716112172908{margin-top: 0px !important;margin-bottom: 40px !important;}&#8220;]<\/p>\n<div class=\"styled-subtitle\" style=\"text-align: center;\">\n<p><span style=\"color: #eb1d23;\">Wie die Pflege der Freundschaft<\/span><br \/>\n<span style=\"color: #eb1d23;\">untereinander und zu anderen Clubs, in einer Welt abnehmender Werte.<\/span><\/p>\n<p><span style=\"color: #eb1d23;\">Wie man es fr\u00fcher auf Motorradtouren lernte, man f\u00e4hrt gemeinsam, teilt Sprit und Strapazen, hilft einander bei Pannen und erlebt die Freiheit, in einer Gruppe zu tun, was man gerne m\u00f6chte.<\/span><\/p>\n<p><span style=\"color: #eb1d23;\">Diese Einstellung wird ins normale Leben \u00fcbertragen: Teilen, Helfen, f\u00fcreinander da sein.<\/span><br \/>\n<span style=\"color: #eb1d23;\">Ob einer im Krankenhaus liegt, sich in staatlicher Obhut befindet, pers\u00f6nliche Probleme hat oder die Familie Hilfe braucht, er wird immer ein offenes Ohr oder helfende Hand finden.<\/span><\/p>\n<p><span style=\"color: #eb1d23;\">Das schlie\u00dft auch die verstorbenen Br\u00fcder ein, denen im EFIF Chapter das Andenken erhalten<\/span><br \/>\n<span style=\"color: #eb1d23;\">wird. Ein Gemeinschaftsgeist, der heute noch viele anzieht. Daneben kommt der Spa\u00df nicht<\/span><br \/>\n<span style=\"color: #eb1d23;\">zu kurz, egal ob Ausfahrten, Partys oder offene Abende in den Clubh\u00e4usern \u2013 Freeway&#8217;s sind<\/span><br \/>\n<span style=\"color: #eb1d23;\">ein geselliges V\u00f6lkchen. Deshalb z\u00e4hlt bei uns auch der Mann und nicht die Maschine, es gibt keine Markenpflicht oder Chopperzwang. Der Mensch muss passen. Genau wie der FRMC den Charakter des Arbeiterclubs aus dem Pott gewahrt hat, hart aber herzlich. Wo fast alle Berufe vertreten sind und auch die nationale Herkunft keine Rolle spielt.<\/span><\/p>\n<p><span style=\"color: #eb1d23;\">Wer zeitlich, finanziell oder famili\u00e4r f\u00fcr eine Mitgliedschaft zu eingeschr\u00e4nkt ist, kann auch<\/span><br \/>\n<span style=\"color: #eb1d23;\">\u00fcber den Support MC Free Wheels am Clubleben teilnehmen, als Mitglied der Free Gang oder im Support der 618 Crew zur Gemeinschaft geh\u00f6ren. Hauptsache man bringt sich ein und lebt Zusammengeh\u00f6rigkeit, um diese Lebensweise in die Zukunft zu tragen.<\/span><\/p>\n<p><span style=\"color: #eb1d23;\">Denn es gibt viele Wege durchs Leben zu gehen.<\/span><br \/>\n<span style=\"color: #eb1d23;\">Uns wurde 1974 EIN Weg vorgegeben.<\/span><br \/>\n<span style=\"color: #eb1d23;\">Dieser besteht aus Ehre, Respekt und Aufrichtigkeit.<\/span><br \/>\n<span style=\"color: #eb1d23;\">Dieser Weg wird auch weiterhin der einzige sein den wir gehen werden.<\/span><\/p>\n<\/div>\n<p>[\/vc_column_text][vc_column_text css=&#8220;.vc_custom_1683810981810{border-top-width: 2px !important;border-right-width: 2px !important;border-bottom-width: 2px !important;border-left-width: 2px !important;border-left-color: #a29d0e !important;border-left-style: solid !important;border-right-color: #a29d0e !important;border-right-style: solid !important;border-top-color: #a29d0e !important;border-top-style: solid !important;border-bottom-color: #a29d0e !important;border-bottom-style: solid !important;border-radius: 2px !important;}&#8220;]<\/p>\n<div class=\"title-h1\" style=\"text-align: center;\"><span style=\"color: #eb1d23;\">Freeway Rider&#8217;s MC since 1974<\/span><\/div>\n<p>[\/vc_column_text]<div class=\"clearboth\"><\/div><style>#thegem-divider-69e1ca22cbe97 {margin-top: 110px !important;}<\/style><div id=\"thegem-divider-69e1ca22cbe97\" class=\"gem-divider  \" style=\"\" ><\/div>[\/vc_column][\/vc_row]<\/p>\n<\/div>","protected":false},"excerpt":{"rendered":"<p>[vc_row full_width=&#8220;stretch_row&#8220; full_height=&#8220;yes&#8220; content_placement=&#8220;middle&#8220; el_disable_tablet=&#8220;1&#8243; el_disable_mobile=&#8220;1&#8243; css=&#8220;.vc_custom_1683811174862{margin-top: 0px !important;margin-bottom: 0px !important;background: #f0f3f2 url(https:\/\/freewayriders.de\/wp-content\/uploads\/2023\/01\/af1559ff-5cee-4fba-8cf9-de131a1539f5-1.jpg?id=33027) !important;background-position: center !important;background-repeat: no-repeat !important;background-size: cover !important;}&#8220;][vc_column][\/vc_column][\/vc_row][vc_row&#8230;<\/p>\n","protected":false},"author":1,"featured_media":0,"parent":0,"menu_order":0,"comment_status":"closed","ping_status":"closed","template":"","meta":{"inline_featured_image":false,"ngg_post_thumbnail":0,"footnotes":""},"class_list":["post-33704","page","type-page","status-publish"],"_links":{"self":[{"href":"https:\/\/freewayriders.de\/index.php?rest_route=\/wp\/v2\/pages\/33704","targetHints":{"allow":["GET"]}}],"collection":[{"href":"https:\/\/freewayriders.de\/index.php?rest_route=\/wp\/v2\/pages"}],"about":[{"href":"https:\/\/freewayriders.de\/index.php?rest_route=\/wp\/v2\/types\/page"}],"author":[{"embeddable":true,"href":"https:\/\/freewayriders.de\/index.php?rest_route=\/wp\/v2\/users\/1"}],"replies":[{"embeddable":true,"href":"https:\/\/freewayriders.de\/index.php?rest_route=%2Fwp%2Fv2%2Fcomments&post=33704"}],"version-history":[{"count":2,"href":"https:\/\/freewayriders.de\/index.php?rest_route=\/wp\/v2\/pages\/33704\/revisions"}],"predecessor-version":[{"id":34062,"href":"https:\/\/freewayriders.de\/index.php?rest_route=\/wp\/v2\/pages\/33704\/revisions\/34062"}],"wp:attachment":[{"href":"https:\/\/freewayriders.de\/index.php?rest_route=%2Fwp%2Fv2%2Fmedia&parent=33704"}],"curies":[{"name":"wp","href":"https:\/\/api.w.org\/{rel}","templated":true}]}}